{"id":165,"date":"2019-04-04T15:01:33","date_gmt":"2019-04-04T13:01:33","guid":{"rendered":"http:\/\/www.bc-service-de.com\/?page_id=165"},"modified":"2023-02-23T12:05:10","modified_gmt":"2023-02-23T11:05:10","slug":"impressum","status":"publish","type":"page","link":"http:\/\/www.bc-service-de.com\/?page_id=165","title":{"rendered":"Impressum"},"content":{"rendered":"<p><strong>BC Service GmbH<\/strong><br \/>\nKapuzinerstrasse 67a<br \/>\nDE-94032 Passau<br \/>\nTel.: <a href=\"tel:00498518517800\">0049\/851\/851 780<\/a><br \/>\nURL: <a href=\"http:\/\/www.bc-service-de.com\" target=\"_blank\" rel=\"noopener noreferrer\">www.bc-service-de.com<\/a><br \/>\nE-Mail: <a href=\"mailto:office@bc-service-de.com\">office@bc-service-de.com<\/a><\/p>\n<p>Firmenbuchnummer: HRB 10389<br \/>\nFirmenbuchgericht: Eingetragen beim Amtsgericht Passau<br \/>\nGesch\u00e4ftsf\u00fchrender Gesellschafter: Brigitte Campregher<br \/>\nUID: DE129299200<br \/>\nBereitstellung und Vermittlung von medizinischen Arbeitskr\u00e4ften<\/p>\n<h2>F\u00fcr den redaktionellen Inhalt verantwortlich:<\/h2>\n<p>Frau Brigitte Campregher<\/p>\n<p><strong>BC Service GmbH<\/strong><br \/>\nKapuzinerstrasse 67a<br \/>\nDE-94032 Passau<br \/>\nTel.: <a href=\"tel:00498518517800\">0049\/851\/851 780<\/a><br \/>\nURL: <a href=\"http:\/\/www.bc-service-de.com\" target=\"_blank\" rel=\"noopener noreferrer\">www.bc-service-de.com<\/a><br \/>\nE-Mail: <a href=\"mailto:office@bc-service-de.com\">office@bc-service-de.com<\/a><\/p>\n<p>Firmenbuchnummer: HRB 10389<br \/>\nFirmenbuchgericht: Eingetragen beim Amtsgericht Passau<br \/>\nGesch\u00e4ftsf\u00fchrender Gesellschafter: Brigitte Campregher<br \/>\nUID: DE129299200<br \/>\nBereitstellung und Vermittlung von medizinischen Arbeitskr\u00e4ften<\/p>\n","protected":false},"excerpt":{"rendered":"<p>BC Service GmbH Kapuzinerstrasse 67a DE-94032 Passau Tel.: 0049\/851\/851 780 URL: www.bc-service-de.com E-Mail: office@bc-service-de.com Firmenbuchnummer: HRB 10389 Firmenbuchgericht: Eingetragen beim Amtsgericht Passau Gesch\u00e4ftsf\u00fchrender Gesellschafter: Brigitte Campregher UID: DE129299200 Bereitstellung und Vermittlung von medizinischen Arbeitskr\u00e4ften F\u00fcr den redaktionellen Inhalt verantwortlich: Frau Brigitte Campregher BC Service GmbH Kapuzinerstrasse 67a DE-94032 Passau Tel.: 0049\/851\/851 780 URL: www.bc-service-de.com E-Mail: &hellip; <\/p>\n<p class=\"link-more\"><a href=\"http:\/\/www.bc-service-de.com\/?page_id=165\" class=\"more-link\"><span class=\"screen-reader-text\">\u201eImpressum\u201c<\/span> weiterlesen<\/a><\/p>\n","protected":false},"author":2,"featured_media":0,"parent":0,"menu_order":0,"comment_status":"closed","ping_status":"closed","template":"","meta":[],"_links":{"self":[{"href":"http:\/\/www.bc-service-de.com\/index.php?rest_route=\/wp\/v2\/pages\/165"}],"collection":[{"href":"http:\/\/www.bc-service-de.com\/index.php?rest_route=\/wp\/v2\/pages"}],"about":[{"href":"http:\/\/www.bc-service-de.com\/index.php?rest_route=\/wp\/v2\/types\/page"}],"author":[{"embeddable":true,"href":"http:\/\/www.bc-service-de.com\/index.php?rest_route=\/wp\/v2\/users\/2"}],"replies":[{"embeddable":true,"href":"http:\/\/www.bc-service-de.com\/index.php?rest_route=%2Fwp%2Fv2%2Fcomments&post=165"}],"version-history":[{"count":4,"href":"http:\/\/www.bc-service-de.com\/index.php?rest_route=\/wp\/v2\/pages\/165\/revisions"}],"predecessor-version":[{"id":258,"href":"http:\/\/www.bc-service-de.com\/index.php?rest_route=\/wp\/v2\/pages\/165\/revisions\/258"}],"wp:attachment":[{"href":"http:\/\/www.bc-service-de.com\/index.php?rest_route=%2Fwp%2Fv2%2Fmedia&parent=165"}],"curies":[{"name":"wp","href":"https:\/\/api.w.org\/{rel}","templated":true}]}}