{"id":22,"date":"2018-10-11T09:35:37","date_gmt":"2018-10-11T07:35:37","guid":{"rendered":"http:\/\/www.mc-medcon.com\/?page_id=22"},"modified":"2018-11-09T18:38:47","modified_gmt":"2018-11-09T17:38:47","slug":"ueber-uns","status":"publish","type":"page","link":"http:\/\/www.bc-service-de.com\/?page_id=22","title":{"rendered":"\u00dcber uns"},"content":{"rendered":"<h1>BC Service GmbH<\/h1>\n<h2>Wer sind wir?<\/h2>\n<p>Die BC Service GmbH verf\u00fcgt \u00fcber eine langj\u00e4hrige Erfahrung in der Personalbereitstellung und Personalberatung. Wir betreuen eine Vielzahl von f\u00fchrenden Krankenanstalten und Pflegeeinrichtungen mit unseren umfassenden Dienstleistungen rund ums Personal.<\/p>\n<h2>Was tun wir?<\/h2>\n<p>Wir von BC Service wissen aus langj\u00e4hriger Erfahrung um die speziellen Anforderungen, die an medizinische Fachkr\u00e4fte \u2013 ob \u00c4rzte, diplomiertes Krankenpflegepersonal, Fachsozialbetreuer oder Pflegehelfer \u2013 gestellt werden. Vertrauen schaffen ist deshalb der Leitsatz unseres Handelns und die Basis f\u00fcr die innovativen, ma\u00dfgeschneiderten Dienstleistungen von BC Service.<\/p>\n<h2>\u201eWir haben uns dem Thema Gesundheit verschrieben.\u201c<\/h2>\n<p>Das bedeutet f\u00fcr uns:<\/p>\n<ul>\n<li>Soziale Kompetenz<\/li>\n<li>Soziales Engagement<\/li>\n<li>Im Sinne der Patienten und Bewohner handeln<\/li>\n<li>Vom Know-how der internationalen M\u00e4rkte profitieren<\/li>\n<li>Durch die teilweise internationale T\u00e4tigkeit unserer Mitarbeiter profitieren auch Sie vom bereits erworbenen Know-how, den Kenntnissen der verschiedenen Pflegemodelle sowie\u00a0den unterschiedlichen\u00a0Dokumentationsarten<\/li>\n<li>Durch laufende Fort- und Weiterbildungen werden unsere Mitarbeiter auf dem neuesten medizinischen sowie auch pflegefachlichen\u00a0Stand gehalten<\/li>\n<\/ul>\n","protected":false},"excerpt":{"rendered":"<p>BC Service GmbH Wer sind wir? Die BC Service GmbH verf\u00fcgt \u00fcber eine langj\u00e4hrige Erfahrung in der Personalbereitstellung und Personalberatung. Wir betreuen eine Vielzahl von f\u00fchrenden Krankenanstalten und Pflegeeinrichtungen mit unseren umfassenden Dienstleistungen rund ums Personal. Was tun wir? Wir von BC Service wissen aus langj\u00e4hriger Erfahrung um die speziellen Anforderungen, die an medizinische Fachkr\u00e4fte &hellip; <\/p>\n<p class=\"link-more\"><a href=\"http:\/\/www.bc-service-de.com\/?page_id=22\" class=\"more-link\"><span class=\"screen-reader-text\">\u201e\u00dcber uns\u201c<\/span> weiterlesen<\/a><\/p>\n","protected":false},"author":2,"featured_media":0,"parent":0,"menu_order":0,"comment_status":"closed","ping_status":"closed","template":"","meta":[],"_links":{"self":[{"href":"http:\/\/www.bc-service-de.com\/index.php?rest_route=\/wp\/v2\/pages\/22"}],"collection":[{"href":"http:\/\/www.bc-service-de.com\/index.php?rest_route=\/wp\/v2\/pages"}],"about":[{"href":"http:\/\/www.bc-service-de.com\/index.php?rest_route=\/wp\/v2\/types\/page"}],"author":[{"embeddable":true,"href":"http:\/\/www.bc-service-de.com\/index.php?rest_route=\/wp\/v2\/users\/2"}],"replies":[{"embeddable":true,"href":"http:\/\/www.bc-service-de.com\/index.php?rest_route=%2Fwp%2Fv2%2Fcomments&post=22"}],"version-history":[{"count":4,"href":"http:\/\/www.bc-service-de.com\/index.php?rest_route=\/wp\/v2\/pages\/22\/revisions"}],"predecessor-version":[{"id":156,"href":"http:\/\/www.bc-service-de.com\/index.php?rest_route=\/wp\/v2\/pages\/22\/revisions\/156"}],"wp:attachment":[{"href":"http:\/\/www.bc-service-de.com\/index.php?rest_route=%2Fwp%2Fv2%2Fmedia&parent=22"}],"curies":[{"name":"wp","href":"https:\/\/api.w.org\/{rel}","templated":true}]}}