{"id":30,"date":"2018-10-11T09:42:28","date_gmt":"2018-10-11T07:42:28","guid":{"rendered":"http:\/\/www.mc-medcon.com\/?page_id=30"},"modified":"2020-01-29T11:05:09","modified_gmt":"2020-01-29T10:05:09","slug":"downloads","status":"publish","type":"page","link":"http:\/\/www.bc-service-de.com\/?page_id=30","title":{"rendered":"Downloads"},"content":{"rendered":"<h1>Informieren Sie sich<\/h1>\n<p>Um in <strong>\u00d6sterreich<\/strong> in einem Gesundheitsberuf arbeiten zu k\u00f6nnen, ben\u00f6tigen Sie eine Berufsanerkennung. Diese werden vom Bundesministerium f\u00fcr Gesundheit oder von einer der jeweiligen \u00c4mter der Landesregierungen ausgestellt. Die Anerkennung ist unumg\u00e4nglich, ohne diese machen Sie sich strafbar!<\/p>\n<p>Hier k\u00f6nnen Sie Checklisten f\u00fcr die Berufsanerkennung downloaden. Sollten Sie Ihre Qualifikation nicht finden, so bitten wir Sie, <a href=\"http:\/\/www.bc-service-de.com\/?page_id=74\">sich mit uns in Verbindung zu setzen<\/a>.<\/p>\n<p>Das Bundesministerium f\u00fcr Gesundheit bietet ein verk\u00fcrztes Berufszulassungsverfahren (One-Stop) an. Dies ist jeden Montag, au\u00dfer an den gesetzlichen Feiertagen, m\u00f6glich. Man erh\u00e4lt bei Vorlage der gesamten Unterlagen die Urkunde noch am selben Tag. Die Kosten f\u00fcr die anfallenden Stempelgeb\u00fchren liegen bei ca. 250,00 Euro. Wenn Ihre Unterlagen einer inhaltlichen Pr\u00fcfung unterzogen werden, k\u00f6nnen Kosten von bis zu 400,00 Euro anfallen.<\/p>\n<p>Weitere Informationen finden Sie auf der <a href=\"https:\/\/www.sozialministerium.at\" target=\"_blank\" rel=\"noopener noreferrer\">Homepage des Gesundheitsministeriums<\/a>.<\/p>\n<h2>Checklisten f\u00fcr die Durchf\u00fchrung von Berufszulassungen in \u00d6sterreich<\/h2>\n<h3>Belgien<\/h3>\n<ul>\n<li><a href=\"http:\/\/www.mc-medcon.com\/wp-content\/uploads\/Belgien-GuK-nach-1977.pdf\">Allgemeine Gesundheits- und Krankepflege &#8211; Ausbildung nach 1977<\/a><\/li>\n<li><a href=\"http:\/\/www.mc-medcon.com\/wp-content\/uploads\/Belgien-Physiotherapie_Hochschulausbildung.pdf\">Physiotherapie &#8211; Hochschulausbildung<\/a><\/li>\n<\/ul>\n<h3>Deutschland<\/h3>\n<ul>\n<li><a href=\"http:\/\/www.mc-medcon.com\/wp-content\/uploads\/BRD-GuK_Ausbildung-nach-1979.pdf\">Allgemeine Gesundheits- und Krankenpflege &#8211; Ausbildung nach 1979<\/a><\/li>\n<li><a href=\"http:\/\/www.mc-medcon.com\/wp-content\/uploads\/BRD-GuK_Ausbildung-vor-1979-mit-dreij\u00e4hriger-Berufserfahrung.pdf\">Allgemeine Gesundheits- und Krankenpflege &#8211; Ausbildung vor 1979 mit dreij\u00e4hriger Berufserfahrung<\/a><\/li>\n<li><a href=\"http:\/\/www.mc-medcon.com\/wp-content\/uploads\/BRD-GuK-_Ausbildung-in-der-ehemaligen-DDR.pdf\">Allgemeine Gesundheits- und Krankenpflege &#8211; Ausbildung in der ehemaligen DDR<\/a><\/li>\n<li><a href=\"http:\/\/www.mc-medcon.com\/wp-content\/uploads\/BRD-Kinder-und-Jugendlichenpflege.pdf\">Kinder- und Jugendlichenpflege<\/a><\/li>\n<li><a href=\"http:\/\/www.mc-medcon.com\/wp-content\/uploads\/BRD-Gehobener-Dienst-GuK_An\u00e4sthesiepflege.pdf\">Sonderausbildung An\u00e4sthesiepflege<\/a><\/li>\n<li><a href=\"http:\/\/www.mc-medcon.com\/wp-content\/uploads\/BRD-Gehobener-Dienst-GuK_Intensivpflege.pdf\">Sonderausbildung Intensivpflege<\/a><\/li>\n<li><a href=\"http:\/\/www.mc-medcon.com\/wp-content\/uploads\/BRD-Gehobener-Dienst-GuK_Intensiv-u-An\u00e4sthesiepflege.pdf\">Sonderausbildung An\u00e4sthesie- und Intensivpflege<\/a><\/li>\n<li><a href=\"http:\/\/www.mc-medcon.com\/wp-content\/uploads\/BRD-Gehobener-Dienst-GuK_Plege-im-Operationsdienst.pdf\">Sonderausbildung Operationsdienst<\/a><\/li>\n<li><a href=\"http:\/\/www.mc-medcon.com\/wp-content\/uploads\/BRD-Gehobener-Dienst-GuK_Pflege-bei-Nierenersatztherapie.pdf\">Sonderausbildung Nierenersatztherapie<\/a><\/li>\n<li><a href=\"http:\/\/www.mc-medcon.com\/wp-content\/uploads\/BRD-Pflegehilfe_Ausbildung-in-der-Krankenpflegehilfe.pdf\">Pflegehilfe &#8211; Ausbildung in der Krankenpflegehilfe<\/a><\/li>\n<li><a href=\"http:\/\/www.mc-medcon.com\/wp-content\/uploads\/BRD-Fachsozialbetreuung_Ausbildung-exam-Altenpflege.pdf\">Fachsozialbetreuung &#8211; Ausbildung exam. Altenpflege<\/a><\/li>\n<li><a href=\"http:\/\/www.mc-medcon.com\/wp-content\/uploads\/BRD-Heilmassage_Ausbildung-med-MasseurIn-und-BademeisterIn.pdf\">Heilmassage &#8211; Ausbildung med. Massage und Bademeister\/In<\/a><\/li>\n<li><a href=\"http:\/\/www.mc-medcon.com\/wp-content\/uploads\/BRD-Physiotherapie_verk\u00fcrzte-Ausbildung_Aufschulung.pdf\">Physiotherapie &#8211; verk\u00fcrzte Ausbildun<\/a>g<\/li>\n<li><a href=\"http:\/\/www.mc-medcon.com\/wp-content\/uploads\/BRD-Physiotherapie.pdf\">Physiotherapie<\/a><\/li>\n<li><a href=\"http:\/\/www.mc-medcon.com\/wp-content\/uploads\/BRD-Ergotherapie_Ausbildung-nach-1994.pdf\">Ergotherapie &#8211; Ausbildung nach nach 1994<\/a><\/li>\n<li><a href=\"http:\/\/www.mc-medcon.com\/wp-content\/uploads\/BRD-Logop\u00e4die.pdf\">Logop\u00e4die<\/a><\/li>\n<\/ul>\n<h3>D\u00e4nemark<\/h3>\n<ul>\n<li><a href=\"http:\/\/www.mc-medcon.com\/wp-content\/uploads\/D\u00e4nemark-GuK_Abschluss-nach-1983.pdf\"> Allgemeine Gesundheits- und Krankenpflege &#8211; Ausbildung nach 1983<\/a><\/li>\n<\/ul>\n<h3>Europ\u00e4ische Union<\/h3>\n<p><a href=\"http:\/\/www.mc-medcon.com\/wp-content\/uploads\/EU-Physiotherapie.pdf\">Physiotherapie allgemein<\/a><\/p>\n<h3>Italien<\/h3>\n<ul>\n<li><a href=\"http:\/\/www.mc-medcon.com\/wp-content\/uploads\/Italien-GuK_Abschluss-nach-1978.pdf\">Allgemeine Gesundheits- und Krankenpflege &#8211; Ausbildung nach 1978<\/a><\/li>\n<\/ul>\n<h3>Niederlande<\/h3>\n<ul>\n<li><a href=\"http:\/\/www.mc-medcon.com\/wp-content\/uploads\/Niederlande-GuK_Ausbildung-nach-1968.pdf\">Allgemeine Gesundheits- und Krankenpflege &#8211; Ausbildung nach 1968<\/a><\/li>\n<li><a href=\"http:\/\/www.mc-medcon.com\/wp-content\/uploads\/Niederlande-Physiotherapie_Gesamtausbildung.pdf\">Physiotherapie &#8211; Gesamtausbildung<\/a><\/li>\n<\/ul>\n<h3>Polen<\/h3>\n<ul>\n<li><a href=\"http:\/\/www.mc-medcon.com\/wp-content\/uploads\/Polen-GuK_Abschluss-nach-2004.pdf\"> Allgemeine Gesundheits- und Krankenpflege &#8211; Abschluss nach 2004<\/a><\/li>\n<\/ul>\n<h3>Slowakei<\/h3>\n<ul>\n<li><a href=\"http:\/\/www.mc-medcon.com\/wp-content\/uploads\/Slowakei-GuK_Ausbilkdung-nach-2004.pdf\">Allgemeine Gesundheits- und Krankenpflege &#8211; Ausbildung nach 2004<\/a><\/li>\n<li><a href=\"http:\/\/www.mc-medcon.com\/wp-content\/uploads\/Slowakei-GuK_Ausbilkdung-zwischen-1993-und-2004.pdf\">Allgemeine Gesundheits- und Krankenpflege &#8211; Ausbildung zwischen 1993 und 2004<\/a><\/li>\n<li><a href=\"http:\/\/www.mc-medcon.com\/wp-content\/uploads\/Slowakei-GuK_Ausbilkdung-vor-1993.pdf\">Allgemeine Gesundheits- und Krankenpflege &#8211; Ausbildung vor 1993<\/a><\/li>\n<\/ul>\n<h3>Slowenien<\/h3>\n<ul>\n<li><a href=\"http:\/\/www.mc-medcon.com\/wp-content\/uploads\/Slowenien-GuK_Ausbildung-nach-2004.pdf\">Allgemeine Gesundheits- und Krankenpflege &#8211; Ausbildung nach 2004<\/a><\/li>\n<\/ul>\n<h3>Tschechien<\/h3>\n<ul>\n<li><a href=\"http:\/\/www.mc-medcon.com\/wp-content\/uploads\/Tschechien-GuK_Ausbildung-nach-2004.pdf\">Allgemeine Gesundheits- und Krankenpflege &#8211; Ausbildung nach 2004<\/a><\/li>\n<li><a href=\"http:\/\/www.mc-medcon.com\/wp-content\/uploads\/Tschechien-GuK_Ausbildung-zwischen-1993-und-2004.pdf\">Allgemeine Gesundheits- und Krankenpflege &#8211; Ausbildung zwischen 1993 und 2004<\/a><\/li>\n<li><a href=\"http:\/\/www.mc-medcon.com\/wp-content\/uploads\/Tschechien-GuK_Ausbildung-vor-1993.pdf\">Allgemeine Gesundheits- und Krankenpflege &#8211; Ausbildung vor 1993<\/a><\/li>\n<\/ul>\n<h3>Ungarn<\/h3>\n<ul>\n<li><a href=\"http:\/\/www.mc-medcon.com\/wp-content\/uploads\/Ungarn-GuK_Abschluss-vor-1-Juni-1998-mit-3_5.pdf\">Allgemeine Gesundheits- und Krankenpflege &#8211; Ausbildung nach 1998<\/a> <a href=\"http:\/\/www.mc-medcon.com\/wp-content\/uploads\/Ungarn-GuK_Abschluss-nach-1998.pdf\">Ungarn GuK_Abschluss nach 1998<\/a><\/li>\n<li><a href=\"http:\/\/www.mc-medcon.com\/wp-content\/uploads\/Ungarn-GuK_Abschluss-vor-1-Juni-1998-mit-3_5.pdf\">Allgemeine Gesundheits- und Krankenpflege &#8211; Ausbildung vor 1. Juni 1998 mit dreij\u00e4hriger Berufserfahrung<\/a><\/li>\n<li><a href=\"http:\/\/www.mc-medcon.com\/wp-content\/uploads\/Ungarn-Physiotherapie-Abschluss-ab-2007.pdf\">Physiotherapie Abschluss ab 2007<\/a><\/li>\n<li><a href=\"http:\/\/www.mc-medcon.com\/wp-content\/uploads\/Ungarn-Med-Massage.pdf\">Med. Masseur\/In<\/a><\/li>\n<\/ul>\n","protected":false},"excerpt":{"rendered":"<p>Informieren Sie sich Um in \u00d6sterreich in einem Gesundheitsberuf arbeiten zu k\u00f6nnen, ben\u00f6tigen Sie eine Berufsanerkennung. Diese werden vom Bundesministerium f\u00fcr Gesundheit oder von einer der jeweiligen \u00c4mter der Landesregierungen ausgestellt. Die Anerkennung ist unumg\u00e4nglich, ohne diese machen Sie sich strafbar! Hier k\u00f6nnen Sie Checklisten f\u00fcr die Berufsanerkennung downloaden. Sollten Sie Ihre Qualifikation nicht finden, &hellip; <\/p>\n<p class=\"link-more\"><a href=\"http:\/\/www.bc-service-de.com\/?page_id=30\" class=\"more-link\"><span class=\"screen-reader-text\">\u201eDownloads\u201c<\/span> weiterlesen<\/a><\/p>\n","protected":false},"author":2,"featured_media":0,"parent":0,"menu_order":0,"comment_status":"closed","ping_status":"closed","template":"","meta":[],"_links":{"self":[{"href":"http:\/\/www.bc-service-de.com\/index.php?rest_route=\/wp\/v2\/pages\/30"}],"collection":[{"href":"http:\/\/www.bc-service-de.com\/index.php?rest_route=\/wp\/v2\/pages"}],"about":[{"href":"http:\/\/www.bc-service-de.com\/index.php?rest_route=\/wp\/v2\/types\/page"}],"author":[{"embeddable":true,"href":"http:\/\/www.bc-service-de.com\/index.php?rest_route=\/wp\/v2\/users\/2"}],"replies":[{"embeddable":true,"href":"http:\/\/www.bc-service-de.com\/index.php?rest_route=%2Fwp%2Fv2%2Fcomments&post=30"}],"version-history":[{"count":9,"href":"http:\/\/www.bc-service-de.com\/index.php?rest_route=\/wp\/v2\/pages\/30\/revisions"}],"predecessor-version":[{"id":234,"href":"http:\/\/www.bc-service-de.com\/index.php?rest_route=\/wp\/v2\/pages\/30\/revisions\/234"}],"wp:attachment":[{"href":"http:\/\/www.bc-service-de.com\/index.php?rest_route=%2Fwp%2Fv2%2Fmedia&parent=30"}],"curies":[{"name":"wp","href":"https:\/\/api.w.org\/{rel}","templated":true}]}}