{"id":72,"date":"2018-10-11T10:00:27","date_gmt":"2018-10-11T08:00:27","guid":{"rendered":"http:\/\/www.mc-medcon.com\/?page_id=72"},"modified":"2020-01-29T10:26:44","modified_gmt":"2020-01-29T09:26:44","slug":"kunden","status":"publish","type":"page","link":"http:\/\/www.bc-service-de.com\/?page_id=72","title":{"rendered":"Kunden"},"content":{"rendered":"<h1>Unsere Kunden<\/h1>\n<p><strong>Sie suchen einen neuen Mitarbeiter?<\/strong><br \/>\nWir von BC Service GmbH sind Ihr Ansprechpartner f\u00fcr die Bereitstellung von qualifizierten Fachkr\u00e4ften im Gesundheitsbereich. Erfahren Sie hier, wie Sie von unseren Dienstleistungen profitieren k\u00f6nnen.<\/p>\n<h2>Neue Dimensionen der optimierten Personalplanung<\/h2>\n<p>Auf Basis unseres langj\u00e4hrigen intensiven Kontaktes zu Entscheidungstr\u00e4gern im Gesundheitssektor entwickeln wir unsere Personaldienstleistungen laufend weiter.<\/p>\n<p>Ob kurz- oder langfristiger Bedarf an Arbeitskr\u00e4ften, BC Service sichert Ihnen kosteneffizient und professionell die bestm\u00f6gliche Unterst\u00fctzung in Fragen der Personalplanung.<\/p>\n<p><strong>Bedarfsorientierte Personaldienstleistung:<\/strong><br \/>\nBC Service vermittelt Ihnen engagierte und bestens qualifizierte Fachkr\u00e4fte exakt nach Ihrem Anforderungsprofil \u2013 Engp\u00e4sse geh\u00f6ren somit der Vergangenheit an.<\/p>\n<p><strong>Flexible Modelle zur Personalintegration:<\/strong><br \/>\nSelbstverst\u00e4ndlich erm\u00f6glichen wir Ihnen die \u00dcbernahme der bereitgestellten Mitarbeiter in das eigene Dienstverh\u00e4ltnis.<\/p>\n<p><strong>Entlastung durch Outsourcing:<\/strong><br \/>\nWir \u00fcbernehmen f\u00fcr Sie den gesamten Prozess: Personalsuche \u2013 Personalauswahl \u2013 Personalbereitstellung. Dar\u00fcber hinaus \u00fcbernehmen wir alle mitarbeiterbezogenen Verwaltungsaufgaben \u2013 damit Sie sich wieder auf das Wesentliche konzentrieren k\u00f6nnen.<\/p>\n<p><strong>Krisenmanagement:<\/strong><br \/>\nIst-Stand-Ermittlung mit L\u00f6sungsvorschl\u00e4gen.<\/p>\n<p>Wenn Sie mehr \u00fcber unsere Leistungen wissen wollen, <a href=\"http:\/\/www.bc-service-de.com\/?page_id=74\">bitten wir Sie, sich mit uns in Verbindung zu setzen.<\/a> Wir beraten Sie gerne.<\/p>\n<h2>Referenzen<\/h2>\n<p>Eine stetig wachsende Zahl renommierter Gesundheitseinrichtungen und Unternehmen mit Bedarf an medizinischem Personal vertraut auf unsere Erfahrung und Kompetenz bei Personalfragen.<\/p>\n<p>Da wir auf Diskretion setzen, haben wir uns entschieden nicht alle Kunden auf unserer Website zu ver\u00f6ffentlichen. Gerne \u00fcbermitteln wir Ihnen auf Anfrage einen Auszug unserer Referenzliste per E-Mail.<\/p>\n","protected":false},"excerpt":{"rendered":"<p>Unsere Kunden Sie suchen einen neuen Mitarbeiter? Wir von BC Service GmbH sind Ihr Ansprechpartner f\u00fcr die Bereitstellung von qualifizierten Fachkr\u00e4ften im Gesundheitsbereich. Erfahren Sie hier, wie Sie von unseren Dienstleistungen profitieren k\u00f6nnen. Neue Dimensionen der optimierten Personalplanung Auf Basis unseres langj\u00e4hrigen intensiven Kontaktes zu Entscheidungstr\u00e4gern im Gesundheitssektor entwickeln wir unsere Personaldienstleistungen laufend weiter. Ob &hellip; <\/p>\n<p class=\"link-more\"><a href=\"http:\/\/www.bc-service-de.com\/?page_id=72\" class=\"more-link\"><span class=\"screen-reader-text\">\u201eKunden\u201c<\/span> weiterlesen<\/a><\/p>\n","protected":false},"author":2,"featured_media":0,"parent":0,"menu_order":0,"comment_status":"closed","ping_status":"closed","template":"","meta":[],"_links":{"self":[{"href":"http:\/\/www.bc-service-de.com\/index.php?rest_route=\/wp\/v2\/pages\/72"}],"collection":[{"href":"http:\/\/www.bc-service-de.com\/index.php?rest_route=\/wp\/v2\/pages"}],"about":[{"href":"http:\/\/www.bc-service-de.com\/index.php?rest_route=\/wp\/v2\/types\/page"}],"author":[{"embeddable":true,"href":"http:\/\/www.bc-service-de.com\/index.php?rest_route=\/wp\/v2\/users\/2"}],"replies":[{"embeddable":true,"href":"http:\/\/www.bc-service-de.com\/index.php?rest_route=%2Fwp%2Fv2%2Fcomments&post=72"}],"version-history":[{"count":8,"href":"http:\/\/www.bc-service-de.com\/index.php?rest_route=\/wp\/v2\/pages\/72\/revisions"}],"predecessor-version":[{"id":231,"href":"http:\/\/www.bc-service-de.com\/index.php?rest_route=\/wp\/v2\/pages\/72\/revisions\/231"}],"wp:attachment":[{"href":"http:\/\/www.bc-service-de.com\/index.php?rest_route=%2Fwp%2Fv2%2Fmedia&parent=72"}],"curies":[{"name":"wp","href":"https:\/\/api.w.org\/{rel}","templated":true}]}}